{"id":180,"date":"2017-01-11T00:26:30","date_gmt":"2017-01-10T21:26:30","guid":{"rendered":"https:\/\/www.univ-chlef.dz\/FSEI\/?page_id=180"},"modified":"2021-10-24T10:59:33","modified_gmt":"2021-10-24T07:59:33","slug":"secretariat-general","status":"publish","type":"page","link":"https:\/\/fgca.univ-chlef.dz\/?page_id=180","title":{"rendered":"Secr\u00e9tariat G\u00e9n\u00e9ral"},"content":{"rendered":"<div style=\"font-family: Georgia; font-size: 10px; line-height: 130%;\">\n<p style=\"line-height: 180%;\"><span style=\"font-size: 13px; font-family: Tahoma;\">Le bureau du secr\u00e9tariat g\u00e9n\u00e9ral contribue \u00e0 la continuit\u00e9 et au d\u00e9veloppement de <\/span><span style=\"font-size: 13px; font-family: Tahoma;\">la facult\u00e9, i<\/span><span style=\"font-size: 13px; font-family: Tahoma;\">l est charg\u00e9 :<\/span><\/p>\n<\/div>\n<p>[checklist]<\/p>\n<ul>\n<li style=\"list-style-type: none\">\n<ul>\n<li style=\"line-height: 120%;\"><span style=\";;font-family: Tahoma; font-size: 13px;\">D\u2019assurer la gestion des carri\u00e8res des personnels de la facult\u00e9.<\/span><\/li>\n<\/ul>\n<\/li>\n<\/ul>\n<ul>\n<li style=\"list-style-type: none\">\n<ul>\n<li style=\"line-height: 120%;\"><span style=\";;font-family: Tahoma; font-size: 13px;\">D\u2019assurer la gestion et la conservation des archives et de la documentation de la facult\u00e9.<\/span><\/li>\n<\/ul>\n<\/li>\n<\/ul>\n<ul>\n<li style=\"list-style-type: none\">\n<ul>\n<li style=\"line-height: 150%;\"><span style=\";;font-family: Tahoma; font-size: 13px;\">De pr\u00e9parer le projet de budget de la facult\u00e9 et d\u2019en assurer l\u2019ex\u00e9cution.<\/span><\/li>\n<\/ul>\n<\/li>\n<\/ul>\n<ul>\n<li style=\"list-style-type: none\">\n<ul>\n<li style=\"line-height: 150%;\"><span style=\";font-family: Tahoma; font-size: 13px;\">De promouvoir avec les structures concern\u00e9es du rectorat les activit\u00e9s scientifiques, culturelles et sportives au profit des \u00e9tudiants.<\/span><\/li>\n<\/ul>\n<\/li>\n<\/ul>\n<ul>\n<li style=\"list-style-type: none\">\n<ul>\n<li style=\"line-height: 150%;\"><span style=\";font-family: Tahoma; font-size: 13px;\">De g\u00e9rer les moyens meubles et immeubles de la\u00a0facult\u00e9 et de veiller<\/span><span style=\";font-family: Tahoma; font-size: 13px;\"><br \/>\n<\/span><span style=\";font-family: Tahoma; font-size: 13px;\"> \u00e0 leur entretien et \u00e0 leur maintenance.<\/span><\/li>\n<\/ul>\n<\/li>\n<\/ul>\n<ul>\n<li style=\"line-height: 150%;\"><span style=\";font-family: Tahoma; font-size: 13px;\">D\u2019assurer la mise en oeuvre du plan de s\u00fbret\u00e9 interne\u00a0de la facult\u00e9.<\/span><\/li>\n<\/ul>\n<p>[\/checklist]<\/p>\n<p style=\"line-height: 160%;\"><span style=\"font-size: 13px; font-family: Tahoma;\">Le secr\u00e9tariat g\u00e9n\u00e9ral de la facult\u00e9 auquel est rattach\u00e9 le bureau de s\u00fbret\u00e9 interne, comprend les services suivants : <\/span><\/p>\n<p style=\"line-height: 115%;\"><strong>Le service des personnels\u00a0<\/strong><\/p>\n<p>[checklist]<\/p>\n<ul>\n<li><span style=\"font-size: 13px; font-family: Tahoma; line-height: 115%;\">la section des personnels enseignants. <\/span><\/li>\n<li><span style=\"font-size: 13px; font-family: Tahoma; line-height: 115%;\">la section des personnels administratifs, techniques\u00a0et agents de service.<br \/>\n<\/span><\/li>\n<\/ul>\n<p>[\/checklist]<br \/>\n<strong>Le service du budget et de la comptabilit\u00e9<\/strong><br \/>\n[checklist]<\/p>\n<ul>\n<li style=\"list-style-type: none\">\n<ul>\n<li><span style=\"font-size: 13px; font-family: Tahoma; line-height: 115%;\">la section du budget,<\/span><\/li>\n<\/ul>\n<\/li>\n<\/ul>\n<ul>\n<li style=\"line-height: 115%;\"><span style=\"font-size: 13px; font-family: Tahoma; line-height: 115%;\">la section de la comptabilit\u00e9.<\/span><\/li>\n<\/ul>\n<p>[\/checklist] <strong><span style=\"font-size: 13px; font-family: Tahoma;\">Le service de l\u2019animation, scientifique, culturelle et sportive <\/span><\/strong><br \/>\n<strong><span style=\"font-size: 13px; font-family: Tahoma;\">Le service des moyens et de la maintenance<\/span><\/strong> [checklist]<\/p>\n<ul>\n<li><span style=\"font-size: 13px; font-family: Tahoma;\">la section des moyens.<br \/>\n<\/span><\/li>\n<\/ul>\n<p>[\/checklist]<br \/>\n[divider]<\/p>\n<h2>\u00a0Contact<\/h2>\n<p><span style=\"font-size: 13px; font-family: Tahoma;\"><img decoding=\"async\" class=\"alignleft\" style=\"float: left; width: 150px; height: 225px;\" src=\"media%20article\/HWPluyjs.jpg\" alt=\"\" \/> <\/span><strong><span style=\"font-size: 13px; font-family: Tahoma;\"> Mr. ADDA Ahmed<\/span><\/strong><\/p>\n<p><span style=\"font-size: 13px; font-family: Tahoma;\"> \u00a0 \u00a0T\u00e9l\/Fax :\u00a0<\/span><span style=\"font-size: 13px; font-family: Tahoma;\">0277<\/span><span style=\"font-size: 13px; font-family: Tahoma;\">27234<\/span><\/p>\n<p><span style=\"font-size: 13px; font-family: Tahoma;\"> Mail : \u00a0 \u00a0 \u00a0<\/span><span style=\"font-size: 13px; font-family: Tahoma;\">\u00a0<\/span><\/p>\n<p><span style=\"font-size: 13px; font-family: Tahoma;\"><span style=\"font-size: 13px; font-family: Tahoma;\"> \u00a0 \u00a0 Adresse :<\/span>\u00a0<span style=\"font-size: 13px; font-family: Tahoma;\">Universit\u00e9 Hassiba Benbouali de Chlef<\/span><\/span><\/p>\n<p><span style=\"font-size: 13px; font-family: Tahoma;\"><span style=\"font-size: 13px; font-family: Tahoma;\"> Facult\u00e9 G\u00e9nie Civil D&rsquo;Archetecture, Route nationale N\u00b0 19,Ouled Fares<\/span>,<span style=\"font-size: 13px; font-family: Tahoma;\"> Chlef &#8211; Alg\u00e9rie<\/span><\/span><\/p>\n","protected":false},"excerpt":{"rendered":"<p>Le bureau du secr\u00e9tariat g\u00e9n\u00e9ral contribue \u00e0 la continuit\u00e9 et au d\u00e9veloppement de la facult\u00e9, il est charg\u00e9 : [checklist] [&hellip;]<\/p>\n","protected":false},"author":1,"featured_media":0,"parent":0,"menu_order":0,"comment_status":"closed","ping_status":"open","template":"","meta":{"_uag_custom_page_level_css":"","site-sidebar-layout":"default","site-content-layout":"","ast-site-content-layout":"default","site-content-style":"default","site-sidebar-style":"default","ast-global-header-display":"","ast-banner-title-visibility":"","ast-main-header-display":"","ast-hfb-above-header-display":"","ast-hfb-below-header-display":"","ast-hfb-mobile-header-display":"","site-post-title":"","ast-breadcrumbs-content":"","ast-featured-img":"","footer-sml-layout":"","ast-disable-related-posts":"","theme-transparent-header-meta":"","adv-header-id-meta":"","stick-header-meta":"","header-above-stick-meta":"","header-main-stick-meta":"","header-below-stick-meta":"","astra-migrate-meta-layouts":"default","ast-page-background-enabled":"default","ast-page-background-meta":{"desktop":{"background-color":"var(--ast-global-color-5)","background-image":"","background-repeat":"repeat","background-position":"center center","background-size":"auto","background-attachment":"scroll","background-type":"","background-media":"","overlay-type":"","overlay-color":"","overlay-opacity":"","overlay-gradient":""},"tablet":{"background-color":"","background-image":"","background-repeat":"repeat","background-position":"center center","background-size":"auto","background-attachment":"scroll","background-type":"","background-media":"","overlay-type":"","overlay-color":"","overlay-opacity":"","overlay-gradient":""},"mobile":{"background-color":"","background-image":"","background-repeat":"repeat","background-position":"center center","background-size":"auto","background-attachment":"scroll","background-type":"","background-media":"","overlay-type":"","overlay-color":"","overlay-opacity":"","overlay-gradient":""}},"ast-content-background-meta":{"desktop":{"background-color":"var(--ast-global-color-4)","background-image":"","background-repeat":"repeat","background-position":"center center","background-size":"auto","background-attachment":"scroll","background-type":"","background-media":"","overlay-type":"","overlay-color":"","overlay-opacity":"","overlay-gradient":""},"tablet":{"background-color":"var(--ast-global-color-4)","background-image":"","background-repeat":"repeat","background-position":"center center","background-size":"auto","background-attachment":"scroll","background-type":"","background-media":"","overlay-type":"","overlay-color":"","overlay-opacity":"","overlay-gradient":""},"mobile":{"background-color":"var(--ast-global-color-4)","background-image":"","background-repeat":"repeat","background-position":"center center","background-size":"auto","background-attachment":"scroll","background-type":"","background-media":"","overlay-type":"","overlay-color":"","overlay-opacity":"","overlay-gradient":""}},"footnotes":""},"class_list":["post-180","page","type-page","status-publish","hentry"],"uagb_featured_image_src":{"full":false,"thumbnail":false,"medium":false,"medium_large":false,"large":false,"1536x1536":false,"2048x2048":false},"uagb_author_info":{"display_name":"zouatenia mhamed","author_link":"https:\/\/fgca.univ-chlef.dz\/?author=1"},"uagb_comment_info":0,"uagb_excerpt":"Le bureau du secr\u00e9tariat g\u00e9n\u00e9ral contribue \u00e0 la continuit\u00e9 et au d\u00e9veloppement de la facult\u00e9, il est charg\u00e9 : [checklist] [&hellip;]","_links":{"self":[{"href":"https:\/\/fgca.univ-chlef.dz\/index.php?rest_route=\/wp\/v2\/pages\/180","targetHints":{"allow":["GET"]}}],"collection":[{"href":"https:\/\/fgca.univ-chlef.dz\/index.php?rest_route=\/wp\/v2\/pages"}],"about":[{"href":"https:\/\/fgca.univ-chlef.dz\/index.php?rest_route=\/wp\/v2\/types\/page"}],"author":[{"embeddable":true,"href":"https:\/\/fgca.univ-chlef.dz\/index.php?rest_route=\/wp\/v2\/users\/1"}],"replies":[{"embeddable":true,"href":"https:\/\/fgca.univ-chlef.dz\/index.php?rest_route=%2Fwp%2Fv2%2Fcomments&post=180"}],"version-history":[{"count":124,"href":"https:\/\/fgca.univ-chlef.dz\/index.php?rest_route=\/wp\/v2\/pages\/180\/revisions"}],"predecessor-version":[{"id":3058,"href":"https:\/\/fgca.univ-chlef.dz\/index.php?rest_route=\/wp\/v2\/pages\/180\/revisions\/3058"}],"wp:attachment":[{"href":"https:\/\/fgca.univ-chlef.dz\/index.php?rest_route=%2Fwp%2Fv2%2Fmedia&parent=180"}],"curies":[{"name":"wp","href":"https:\/\/api.w.org\/{rel}","templated":true}]}}