{"id":557,"date":"2025-05-13T14:07:00","date_gmt":"2025-05-13T11:07:00","guid":{"rendered":"https:\/\/www.univ-chlef.dz\/FSEI\/?page_id=557"},"modified":"2025-05-18T20:59:16","modified_gmt":"2025-05-18T17:59:16","slug":"licence","status":"publish","type":"page","link":"https:\/\/fgca.univ-chlef.dz\/?page_id=557","title":{"rendered":"Licence"},"content":{"rendered":"<p>[divider]<\/p>\n<table style=\"height: 947px; width: 1034px;\" width=\"526\">\n<tbody>\n<tr>\n<td style=\"width: 517px;\" colspan=\"4\"><strong>Tableau des sp\u00e9cialit\u00e9s ouvertes ann\u00e9e universitaire 2024\/2025<\/strong><\/td>\n<td style=\"width: 511px;\"><strong>\u00a0<\/strong><\/td>\n<\/tr>\n<tr>\n<td style=\"width: 151px;\"><\/td>\n<td style=\"width: 68px;\"><\/td>\n<td style=\"width: 122px;\"><\/td>\n<td style=\"width: 170px;\"><\/td>\n<td style=\"width: 511px;\"><\/td>\n<\/tr>\n<tr>\n<td style=\"width: 151px;\"><strong>Domaine<\/strong><\/td>\n<td style=\"width: 68px;\"><strong>Cycle<\/strong><\/td>\n<td style=\"width: 122px;\"><strong>Fili\u00e9re<\/strong><\/td>\n<td style=\"width: 170px;\"><strong>Sp\u00e9cialit\u00e9\u00a0\u00a0 <\/strong><\/td>\n<td style=\"width: 511px;\"><\/td>\n<\/tr>\n<tr>\n<td style=\"width: 151px;\" rowspan=\"3\"><strong>Sciences et Technologies<\/strong><\/td>\n<td style=\"width: 68px;\" rowspan=\"6\"><strong>Licence<\/strong><\/td>\n<td style=\"width: 122px;\"><strong>G\u00e9nie Civil <\/strong><\/td>\n<td style=\"width: 170px;\"><strong>G\u00e9nie Civil <\/strong><\/td>\n<td style=\"width: 511px;\"><a href=\"https:\/\/fgca.univ-chlef.dz\/wp-content\/uploads\/2025\/05\/Canevas-L3-GC-Version-Arabe.pdf\"><strong>.PDF AR<\/strong><\/a><a href=\"https:\/\/fgca.univ-chlef.dz\/wp-content\/uploads\/2025\/05\/Canevas-L3-GC-Version-Anglais.pdf\">PDF EN<\/a><\/p>\n<p><a href=\"https:\/\/fgca.univ-chlef.dz\/wp-content\/uploads\/2025\/05\/Canevas-Licence-Genie-Civil_Chlef-FR-.pdf\">PDF FR<\/a><\/td>\n<\/tr>\n<tr>\n<td style=\"width: 122px;\"><strong>Travaux Publics<\/strong><\/td>\n<td style=\"width: 170px;\"><strong>Travaux Publics<\/strong><\/td>\n<td style=\"width: 511px;\"><a href=\"https:\/\/fgca.univ-chlef.dz\/wp-content\/uploads\/2025\/05\/Canevas-Licence-TP-EN.pdf\"><strong>.<\/strong><strong>PDF EN<\/strong><\/a><a href=\"https:\/\/fgca.univ-chlef.dz\/wp-content\/uploads\/2025\/05\/Canevas-Licence-Travaux-publics-FR.pdf\">PDF FR<\/a><\/td>\n<\/tr>\n<tr>\n<td style=\"width: 122px;\"><strong>Hydraulique<\/strong>&nbsp;<\/p>\n<p>&nbsp;<\/td>\n<td style=\"width: 170px;\"><strong>Hydraulique<\/strong><\/td>\n<td style=\"width: 511px;\"><a href=\"https:\/\/fgca.univ-chlef.dz\/wp-content\/uploads\/2025\/05\/LICENCE-HYD-AR.pdf\"><strong>PDF AR<\/strong><\/a><a href=\"https:\/\/fgca.univ-chlef.dz\/wp-content\/uploads\/2025\/05\/LICENCE-HYD-EN.pdf\">PDF EN<\/a><\/p>\n<p><a href=\"https:\/\/fgca.univ-chlef.dz\/wp-content\/uploads\/2025\/05\/Canevas-Licence-Hydraulique-FR.pdf\">PDF FR<\/a><\/td>\n<\/tr>\n<tr>\n<td style=\"width: 151px;\"><strong>Sciences de la Terre et de l&rsquo;Univers<\/strong><\/td>\n<td style=\"width: 122px;\"><strong>G\u00e9ologie<\/strong>&nbsp;<\/p>\n<p>&nbsp;<\/p>\n<p><strong>G\u00e9ographie et Am\u00e9nagement du Territoire<\/strong><\/td>\n<td style=\"width: 170px;\"><strong>G\u00e9ologie Fondamentale<\/strong>&nbsp;<\/p>\n<p>&nbsp;<\/p>\n<p><strong>Am\u00e9nagement du Territoire\u00a0 <\/strong><\/td>\n<td style=\"width: 511px;\"><strong>\u00a0<a href=\"https:\/\/fgca.univ-chlef.dz\/wp-content\/uploads\/2025\/05\/LICENCE-Geol-AR.pdf\">PDF AR<\/a><\/strong><a href=\"https:\/\/fgca.univ-chlef.dz\/wp-content\/uploads\/2025\/05\/LICENCE-GEOL-FONDAMENTALE_PROGRAMME-EN.pdf\">PDF EN<\/a><\/p>\n<p><a href=\"https:\/\/fgca.univ-chlef.dz\/wp-content\/uploads\/2025\/05\/Canevas-Licence-geologie-fondamentale-FR.pdf\">PDF FR<\/a><\/p>\n<p>&nbsp;<\/p>\n<p><a href=\"https:\/\/fgca.univ-chlef.dz\/wp-content\/uploads\/2025\/05\/LICENCE-GAT-AR.pdf\">PDF AR<\/a><\/p>\n<p><a href=\"https:\/\/fgca.univ-chlef.dz\/wp-content\/uploads\/2025\/05\/Canevas-licence-GAT-Chlef-FR.pdf\">PDF FR<\/a><\/p>\n<p><a href=\"https:\/\/fgca.univ-chlef.dz\/wp-content\/uploads\/2025\/05\/Canevas-licence-GAT-Chlef-FR.pdf\">PDF EN<\/a><\/td>\n<\/tr>\n<tr>\n<td style=\"width: 151px;\" rowspan=\"2\"><strong>Architecture, Urbanisme et M\u00e9tiers de la ville<\/strong><\/td>\n<td style=\"width: 122px;\" rowspan=\"2\"><strong>Gestion des Techniques Urbaines<\/strong><\/td>\n<td style=\"width: 170px;\"><strong>Gestion des Villes<\/strong><\/td>\n<td style=\"width: 511px;\"><a href=\"https:\/\/fgca.univ-chlef.dz\/wp-content\/uploads\/2025\/05\/Canevas-Licence-Gestion-des-Villes-Chlef-FR.pdf\"><strong>PDF FR<\/strong><\/a><\/p>\n<p><a href=\"https:\/\/fgca.univ-chlef.dz\/wp-content\/uploads\/2025\/05\/Licence-GV-AR.pdf\">.PDF AR<\/a><\/p>\n<p><a href=\"https:\/\/fgca.univ-chlef.dz\/wp-content\/uploads\/2025\/05\/Licence-GV-EN.pdf\">.PDF EN<\/a><\/td>\n<\/tr>\n<tr>\n<td style=\"width: 170px;\"><strong>G\u00e9nie Urbain<\/strong><\/td>\n<td style=\"width: 511px;\"><a href=\"https:\/\/fgca.univ-chlef.dz\/wp-content\/uploads\/2025\/05\/Canevas-Licence-Genie-Urbain_Chlef-FR.pdf\"><strong>PDF FR<\/strong><\/a><\/p>\n<p><a href=\"https:\/\/fgca.univ-chlef.dz\/wp-content\/uploads\/2025\/05\/Licence-GU-AR.pdf\">.PDF AR<\/a><\/p>\n<p><a href=\"https:\/\/fgca.univ-chlef.dz\/wp-content\/uploads\/2025\/05\/Licence-GU-EN.pdf\">.PDF EN<\/a><\/td>\n<\/tr>\n<\/tbody>\n<\/table>\n<p><strong>\u00a0<\/strong><\/p>\n<p><strong>\u00a0<\/strong><\/p>\n<p><strong>\u00a0<\/strong><\/p>\n<p><strong>\u00a0<\/strong><\/p>\n<p><strong>\u00a0<\/strong><\/p>\n<p><strong>\u00a0<\/strong><\/p>\n<p><strong>\u00a0<\/strong><\/p>\n","protected":false},"excerpt":{"rendered":"<p>[divider] Tableau des sp\u00e9cialit\u00e9s ouvertes ann\u00e9e universitaire 2024\/2025 \u00a0 Domaine Cycle Fili\u00e9re Sp\u00e9cialit\u00e9\u00a0\u00a0 Sciences et Technologies Licence G\u00e9nie Civil G\u00e9nie [&hellip;]<\/p>\n","protected":false},"author":1,"featured_media":0,"parent":0,"menu_order":0,"comment_status":"closed","ping_status":"closed","template":"","meta":{"_uag_custom_page_level_css":"","site-sidebar-layout":"default","site-content-layout":"","ast-site-content-layout":"default","site-content-style":"default","site-sidebar-style":"default","ast-global-header-display":"","ast-banner-title-visibility":"","ast-main-header-display":"","ast-hfb-above-header-display":"","ast-hfb-below-header-display":"","ast-hfb-mobile-header-display":"","site-post-title":"","ast-breadcrumbs-content":"","ast-featured-img":"","footer-sml-layout":"","ast-disable-related-posts":"","theme-transparent-header-meta":"","adv-header-id-meta":"","stick-header-meta":"","header-above-stick-meta":"","header-main-stick-meta":"","header-below-stick-meta":"","astra-migrate-meta-layouts":"default","ast-page-background-enabled":"default","ast-page-background-meta":{"desktop":{"background-color":"var(--ast-global-color-5)","background-image":"","background-repeat":"repeat","background-position":"center center","background-size":"auto","background-attachment":"scroll","background-type":"","background-media":"","overlay-type":"","overlay-color":"","overlay-opacity":"","overlay-gradient":""},"tablet":{"background-color":"","background-image":"","background-repeat":"repeat","background-position":"center center","background-size":"auto","background-attachment":"scroll","background-type":"","background-media":"","overlay-type":"","overlay-color":"","overlay-opacity":"","overlay-gradient":""},"mobile":{"background-color":"","background-image":"","background-repeat":"repeat","background-position":"center center","background-size":"auto","background-attachment":"scroll","background-type":"","background-media":"","overlay-type":"","overlay-color":"","overlay-opacity":"","overlay-gradient":""}},"ast-content-background-meta":{"desktop":{"background-color":"var(--ast-global-color-4)","background-image":"","background-repeat":"repeat","background-position":"center center","background-size":"auto","background-attachment":"scroll","background-type":"","background-media":"","overlay-type":"","overlay-color":"","overlay-opacity":"","overlay-gradient":""},"tablet":{"background-color":"var(--ast-global-color-4)","background-image":"","background-repeat":"repeat","background-position":"center center","background-size":"auto","background-attachment":"scroll","background-type":"","background-media":"","overlay-type":"","overlay-color":"","overlay-opacity":"","overlay-gradient":""},"mobile":{"background-color":"var(--ast-global-color-4)","background-image":"","background-repeat":"repeat","background-position":"center center","background-size":"auto","background-attachment":"scroll","background-type":"","background-media":"","overlay-type":"","overlay-color":"","overlay-opacity":"","overlay-gradient":""}},"footnotes":""},"class_list":["post-557","page","type-page","status-publish","hentry"],"uagb_featured_image_src":{"full":false,"thumbnail":false,"medium":false,"medium_large":false,"large":false,"1536x1536":false,"2048x2048":false},"uagb_author_info":{"display_name":"zouatenia mhamed","author_link":"https:\/\/fgca.univ-chlef.dz\/?author=1"},"uagb_comment_info":0,"uagb_excerpt":"[divider] Tableau des sp\u00e9cialit\u00e9s ouvertes ann\u00e9e universitaire 2024\/2025 \u00a0 Domaine Cycle Fili\u00e9re Sp\u00e9cialit\u00e9\u00a0\u00a0 Sciences et Technologies Licence G\u00e9nie Civil G\u00e9nie [&hellip;]","_links":{"self":[{"href":"https:\/\/fgca.univ-chlef.dz\/index.php?rest_route=\/wp\/v2\/pages\/557","targetHints":{"allow":["GET"]}}],"collection":[{"href":"https:\/\/fgca.univ-chlef.dz\/index.php?rest_route=\/wp\/v2\/pages"}],"about":[{"href":"https:\/\/fgca.univ-chlef.dz\/index.php?rest_route=\/wp\/v2\/types\/page"}],"author":[{"embeddable":true,"href":"https:\/\/fgca.univ-chlef.dz\/index.php?rest_route=\/wp\/v2\/users\/1"}],"replies":[{"embeddable":true,"href":"https:\/\/fgca.univ-chlef.dz\/index.php?rest_route=%2Fwp%2Fv2%2Fcomments&post=557"}],"version-history":[{"count":64,"href":"https:\/\/fgca.univ-chlef.dz\/index.php?rest_route=\/wp\/v2\/pages\/557\/revisions"}],"predecessor-version":[{"id":5415,"href":"https:\/\/fgca.univ-chlef.dz\/index.php?rest_route=\/wp\/v2\/pages\/557\/revisions\/5415"}],"wp:attachment":[{"href":"https:\/\/fgca.univ-chlef.dz\/index.php?rest_route=%2Fwp%2Fv2%2Fmedia&parent=557"}],"curies":[{"name":"wp","href":"https:\/\/api.w.org\/{rel}","templated":true}]}}